{"id":17,"date":"2023-07-11T12:35:15","date_gmt":"2023-07-11T12:35:15","guid":{"rendered":"https:\/\/web4.rkinformatika.net\/tejidoslarrea\/?page_id=17"},"modified":"2023-07-13T11:50:25","modified_gmt":"2023-07-13T11:50:25","slug":"servicios","status":"publish","type":"page","link":"https:\/\/tejidoslarrea.com\/eu\/servicios\/","title":{"rendered":"Zerbitzuak"},"content":{"rendered":"<div data-elementor-type=\"wp-page\" data-elementor-id=\"17\" class=\"elementor elementor-17\" data-elementor-post-type=\"page\">\n\t\t\t\t\t\t<section class=\"elementor-section elementor-top-section elementor-element elementor-element-10f13ee elementor-section-height-min-height elementor-section-boxed elementor-section-height-default elementor-section-items-middle\" data-id=\"10f13ee\" data-element_type=\"section\" data-e-type=\"section\" data-settings=\"{&quot;background_background&quot;:&quot;classic&quot;}\">\n\t\t\t\t\t\t\t<div class=\"elementor-background-overlay\"><\/div>\n\t\t\t\t\t\t\t<div class=\"elementor-container elementor-column-gap-default\">\n\t\t\t\t\t<div class=\"elementor-column elementor-col-100 elementor-top-column elementor-element elementor-element-f2350b1\" data-id=\"f2350b1\" data-element_type=\"column\" data-e-type=\"column\">\n\t\t\t<div class=\"elementor-widget-wrap\">\n\t\t\t\t\t\t\t<\/div>\n\t\t<\/div>\n\t\t\t\t\t<\/div>\n\t\t<\/section>\n\t\t\t\t<section class=\"elementor-section elementor-top-section elementor-element elementor-element-16345c25 elementor-section-boxed elementor-section-height-default elementor-section-height-default\" data-id=\"16345c25\" data-element_type=\"section\" data-e-type=\"section\" data-settings=\"{&quot;background_background&quot;:&quot;classic&quot;}\">\n\t\t\t\t\t\t\t<div class=\"elementor-background-overlay\"><\/div>\n\t\t\t\t\t\t\t<div class=\"elementor-container elementor-column-gap-default\">\n\t\t\t\t\t<div class=\"elementor-column elementor-col-100 elementor-top-column elementor-element elementor-element-6ca676df\" data-id=\"6ca676df\" data-element_type=\"column\" data-e-type=\"column\">\n\t\t\t<div class=\"elementor-widget-wrap elementor-element-populated\">\n\t\t\t\t\t\t<div class=\"elementor-element elementor-element-1e58cdee elementor-widget elementor-widget-heading\" data-id=\"1e58cdee\" data-element_type=\"widget\" data-e-type=\"widget\" data-widget_type=\"heading.default\">\n\t\t\t\t<div class=\"elementor-widget-container\">\n\t\t\t\t\t<h1 class=\"elementor-heading-title elementor-size-default\">Nuestros Servicios<\/h1>\t\t\t\t<\/div>\n\t\t\t\t<\/div>\n\t\t\t\t<section class=\"elementor-section elementor-inner-section elementor-element elementor-element-1da52669 elementor-section-boxed elementor-section-height-default elementor-section-height-default\" data-id=\"1da52669\" data-element_type=\"section\" data-e-type=\"section\">\n\t\t\t\t\t\t<div class=\"elementor-container elementor-column-gap-default\">\n\t\t\t\t\t<div class=\"elementor-column elementor-col-50 elementor-inner-column elementor-element elementor-element-65544386 animated-slow elementor-invisible\" data-id=\"65544386\" data-element_type=\"column\" data-e-type=\"column\" data-settings=\"{&quot;animation&quot;:&quot;fadeInLeft&quot;}\">\n\t\t\t<div class=\"elementor-widget-wrap elementor-element-populated\">\n\t\t\t\t\t\t<div class=\"elementor-element elementor-element-7cd74df5 ekit-equal-height-disable elementor-widget elementor-widget-elementskit-image-box\" data-id=\"7cd74df5\" data-element_type=\"widget\" data-e-type=\"widget\" data-widget_type=\"elementskit-image-box.default\">\n\t\t\t\t<div class=\"elementor-widget-container\">\n\t\t\t\t\t<div class=\"ekit-wid-con\" >\n            <div class=\"elementskit-info-image-box ekit-image-box text-center style-modern\" >\n\n                \n                <div class=\"elementskit-box-header image-box-img-center\">\n\n                    <img fetchpriority=\"high\" decoding=\"async\" width=\"900\" height=\"900\" src=\"https:\/\/tejidoslarrea.com\/wp-content\/uploads\/2023\/07\/d.png\" class=\"attachment-full size-full wp-image-765\" alt=\"\" srcset=\"https:\/\/tejidoslarrea.com\/wp-content\/uploads\/2023\/07\/d.png 900w, https:\/\/tejidoslarrea.com\/wp-content\/uploads\/2023\/07\/d-300x300.png 300w, https:\/\/tejidoslarrea.com\/wp-content\/uploads\/2023\/07\/d-150x150.png 150w, https:\/\/tejidoslarrea.com\/wp-content\/uploads\/2023\/07\/d-768x768.png 768w\" sizes=\"(max-width: 900px) 100vw, 900px\" \/>\n                <\/div>\n                \n                <div class=\"elementskit-box-body ekit-image-box-body\">\n                    <div class=\"elementskit-box-content ekit-image-box-body-inner\">\n                                                <h4 class=\"elementskit-info-box-title\">\n\n                        Ropa de Hogar\n                        \n                    <\/h4>\n                                                            <div class=\"elementskit-box-style-content\">\n                        Ofrecemos ropa de hogar en varios tama\u00f1o y tonalidades siempre adecu\u00e1ndose a las necesidades de nuestros clientes.                    <\/div>\n                                    <\/div>\n\n                            <\/div>\n            <\/div>\n    <\/div>\t\t\t\t<\/div>\n\t\t\t\t<\/div>\n\t\t\t\t\t<\/div>\n\t\t<\/div>\n\t\t\t\t<div class=\"elementor-column elementor-col-50 elementor-inner-column elementor-element elementor-element-c0e500\" data-id=\"c0e500\" data-element_type=\"column\" data-e-type=\"column\">\n\t\t\t<div class=\"elementor-widget-wrap elementor-element-populated\">\n\t\t\t\t\t\t<div class=\"elementor-element elementor-element-4701c01a ekit-equal-height-disable elementor-widget elementor-widget-elementskit-image-box\" data-id=\"4701c01a\" data-element_type=\"widget\" data-e-type=\"widget\" data-widget_type=\"elementskit-image-box.default\">\n\t\t\t\t<div class=\"elementor-widget-container\">\n\t\t\t\t\t<div class=\"ekit-wid-con\" >\n            <div class=\"elementskit-info-image-box ekit-image-box text-center style-modern\" >\n\n                \n                <div class=\"elementskit-box-header image-box-img-center\">\n\n                    <img decoding=\"async\" width=\"900\" height=\"900\" src=\"https:\/\/tejidoslarrea.com\/wp-content\/uploads\/2023\/07\/wool-sweater-pattern-PQFWC5Da.jpg\" class=\"attachment-full size-full wp-image-112\" alt=\"\" srcset=\"https:\/\/tejidoslarrea.com\/wp-content\/uploads\/2023\/07\/wool-sweater-pattern-PQFWC5Da.jpg 900w, https:\/\/tejidoslarrea.com\/wp-content\/uploads\/2023\/07\/wool-sweater-pattern-PQFWC5Da-300x300.jpg 300w, https:\/\/tejidoslarrea.com\/wp-content\/uploads\/2023\/07\/wool-sweater-pattern-PQFWC5Da-150x150.jpg 150w, https:\/\/tejidoslarrea.com\/wp-content\/uploads\/2023\/07\/wool-sweater-pattern-PQFWC5Da-768x768.jpg 768w\" sizes=\"(max-width: 900px) 100vw, 900px\" \/>\n                <\/div>\n                \n                <div class=\"elementskit-box-body ekit-image-box-body\">\n                    <div class=\"elementskit-box-content ekit-image-box-body-inner\">\n                                                <h4 class=\"elementskit-info-box-title\">\n\n                        Tejidos\n                        \n                    <\/h4>\n                                                            <div class=\"elementskit-box-style-content\">\n                        Trabajar con diferentes tejidos puede ser todo un reto, pero con los conocimientos y habilidades adecuadas, se pueden crear piezas \u00fanicas, hermosas y funcionales.                    <\/div>\n                                    <\/div>\n\n                            <\/div>\n            <\/div>\n    <\/div>\t\t\t\t<\/div>\n\t\t\t\t<\/div>\n\t\t\t\t\t<\/div>\n\t\t<\/div>\n\t\t\t\t\t<\/div>\n\t\t<\/section>\n\t\t\t\t<section class=\"elementor-section elementor-inner-section elementor-element elementor-element-15d440f8 elementor-section-boxed elementor-section-height-default elementor-section-height-default\" data-id=\"15d440f8\" data-element_type=\"section\" data-e-type=\"section\">\n\t\t\t\t\t\t<div class=\"elementor-container elementor-column-gap-default\">\n\t\t\t\t\t<div class=\"elementor-column elementor-col-50 elementor-inner-column elementor-element elementor-element-1bd66af9 animated-slow elementor-invisible\" data-id=\"1bd66af9\" data-element_type=\"column\" data-e-type=\"column\" data-settings=\"{&quot;animation&quot;:&quot;fadeInLeft&quot;}\">\n\t\t\t<div class=\"elementor-widget-wrap elementor-element-populated\">\n\t\t\t\t\t\t<div class=\"elementor-element elementor-element-4a19097a ekit-equal-height-disable elementor-widget elementor-widget-elementskit-image-box\" data-id=\"4a19097a\" data-element_type=\"widget\" data-e-type=\"widget\" data-widget_type=\"elementskit-image-box.default\">\n\t\t\t\t<div class=\"elementor-widget-container\">\n\t\t\t\t\t<div class=\"ekit-wid-con\" >\n            <div class=\"elementskit-info-image-box ekit-image-box text-center style-modern\" >\n\n                \n                <div class=\"elementskit-box-header image-box-img-center\">\n\n                    <img decoding=\"async\" width=\"900\" height=\"900\" src=\"https:\/\/tejidoslarrea.com\/wp-content\/uploads\/2023\/07\/Design-sem-nome-2.png\" class=\"attachment-full size-full wp-image-756\" alt=\"\" srcset=\"https:\/\/tejidoslarrea.com\/wp-content\/uploads\/2023\/07\/Design-sem-nome-2.png 900w, https:\/\/tejidoslarrea.com\/wp-content\/uploads\/2023\/07\/Design-sem-nome-2-300x300.png 300w, https:\/\/tejidoslarrea.com\/wp-content\/uploads\/2023\/07\/Design-sem-nome-2-150x150.png 150w, https:\/\/tejidoslarrea.com\/wp-content\/uploads\/2023\/07\/Design-sem-nome-2-768x768.png 768w\" sizes=\"(max-width: 900px) 100vw, 900px\" \/>\n                <\/div>\n                \n                <div class=\"elementskit-box-body ekit-image-box-body\">\n                    <div class=\"elementskit-box-content ekit-image-box-body-inner\">\n                                                <h4 class=\"elementskit-info-box-title\">\n\n                        Uniformes Escolares\n                        \n                    <\/h4>\n                                                            <div class=\"elementskit-box-style-content\">\n                        Realizamos telas para uniformes escolares de alta calidad. Trabajando de cerca con las escuelas, entregamos telas duraderas y c\u00f3modas. Nuestra gama incluye varios colores y dise\u00f1os. Creemos que un uniforme bien dise\u00f1ado promueve la unidad y la productividad.                     <\/div>\n                                    <\/div>\n\n                            <\/div>\n            <\/div>\n    <\/div>\t\t\t\t<\/div>\n\t\t\t\t<\/div>\n\t\t\t\t\t<\/div>\n\t\t<\/div>\n\t\t\t\t<div class=\"elementor-column elementor-col-50 elementor-inner-column elementor-element elementor-element-114adb5 animated-slow elementor-invisible\" data-id=\"114adb5\" data-element_type=\"column\" data-e-type=\"column\" data-settings=\"{&quot;animation&quot;:&quot;fadeInRight&quot;}\">\n\t\t\t<div class=\"elementor-widget-wrap elementor-element-populated\">\n\t\t\t\t\t\t<div class=\"elementor-element elementor-element-5e2e274d ekit-equal-height-disable elementor-widget elementor-widget-elementskit-image-box\" data-id=\"5e2e274d\" data-element_type=\"widget\" data-e-type=\"widget\" data-widget_type=\"elementskit-image-box.default\">\n\t\t\t\t<div class=\"elementor-widget-container\">\n\t\t\t\t\t<div class=\"ekit-wid-con\" >\n            <div class=\"elementskit-info-image-box ekit-image-box text-center style-modern\" >\n\n                \n                <div class=\"elementskit-box-header image-box-img-center\">\n\n                    <img loading=\"lazy\" decoding=\"async\" width=\"900\" height=\"900\" src=\"https:\/\/tejidoslarrea.com\/wp-content\/uploads\/2023\/07\/Design-sem-nome-4.png\" class=\"attachment-full size-full wp-image-761\" alt=\"\" srcset=\"https:\/\/tejidoslarrea.com\/wp-content\/uploads\/2023\/07\/Design-sem-nome-4.png 900w, https:\/\/tejidoslarrea.com\/wp-content\/uploads\/2023\/07\/Design-sem-nome-4-300x300.png 300w, https:\/\/tejidoslarrea.com\/wp-content\/uploads\/2023\/07\/Design-sem-nome-4-150x150.png 150w, https:\/\/tejidoslarrea.com\/wp-content\/uploads\/2023\/07\/Design-sem-nome-4-768x768.png 768w\" sizes=\"(max-width: 900px) 100vw, 900px\" \/>\n                <\/div>\n                \n                <div class=\"elementskit-box-body ekit-image-box-body\">\n                    <div class=\"elementskit-box-content ekit-image-box-body-inner\">\n                                                <h4 class=\"elementskit-info-box-title\">\n\n                        Confecci\u00f3n de Sra. y Sr.\n                        \n                    <\/h4>\n                                                            <div class=\"elementskit-box-style-content\">\n                        Ofrecemos una amplia gama de opciones elegantes y sofisticadas para satisfacer las necesidades de nuestra diversa clientela. Nuestro equipo de dise\u00f1adores experimentados y artesanos trabaja incansablemente para asegurar que cada prenda est\u00e9 construida con precisi\u00f3n y atenci\u00f3n al detalle. Comprometidos con la excelencia, entregamos productos de alta calidad para cualquier ocasi\u00f3n.                     <\/div>\n                                    <\/div>\n\n                            <\/div>\n            <\/div>\n    <\/div>\t\t\t\t<\/div>\n\t\t\t\t<\/div>\n\t\t\t\t\t<\/div>\n\t\t<\/div>\n\t\t\t\t\t<\/div>\n\t\t<\/section>\n\t\t\t\t\t<\/div>\n\t\t<\/div>\n\t\t\t\t\t<\/div>\n\t\t<\/section>\n\t\t\t\t<section class=\"elementor-section elementor-top-section elementor-element elementor-element-46a75b5 elementor-section-boxed elementor-section-height-default elementor-section-height-default\" data-id=\"46a75b5\" data-element_type=\"section\" data-e-type=\"section\" data-settings=\"{&quot;background_background&quot;:&quot;classic&quot;}\">\n\t\t\t\t\t\t\t<div class=\"elementor-background-overlay\"><\/div>\n\t\t\t\t\t\t\t<div class=\"elementor-container elementor-column-gap-default\">\n\t\t\t\t\t<div class=\"elementor-column elementor-col-100 elementor-top-column elementor-element elementor-element-3ce6a24\" data-id=\"3ce6a24\" data-element_type=\"column\" data-e-type=\"column\">\n\t\t\t<div class=\"elementor-widget-wrap elementor-element-populated\">\n\t\t\t\t\t\t<div class=\"elementor-element elementor-element-ce67e96 elementor-widget elementor-widget-heading\" data-id=\"ce67e96\" data-element_type=\"widget\" data-e-type=\"widget\" data-widget_type=\"heading.default\">\n\t\t\t\t<div class=\"elementor-widget-container\">\n\t\t\t\t\t<h3 class=\"elementor-heading-title elementor-size-default\">Zalantzarik baduzu, jarri harreman gurekin.<\/h3>\t\t\t\t<\/div>\n\t\t\t\t<\/div>\n\t\t\t\t<div class=\"elementor-element elementor-element-061d59e elementor-align-center elementor-widget elementor-widget-button\" data-id=\"061d59e\" data-element_type=\"widget\" data-e-type=\"widget\" data-widget_type=\"button.default\">\n\t\t\t\t<div class=\"elementor-widget-container\">\n\t\t\t\t\t\t\t\t\t<div class=\"elementor-button-wrapper\">\n\t\t\t\t\t<a class=\"elementor-button elementor-button-link elementor-size-md\" href=\"https:\/\/tejidoslarrea.com\/index.php\/contacto\/\">\n\t\t\t\t\t\t<span class=\"elementor-button-content-wrapper\">\n\t\t\t\t\t\t\t\t\t<span class=\"elementor-button-text\">Harreman jarri<\/span>\n\t\t\t\t\t<\/span>\n\t\t\t\t\t<\/a>\n\t\t\t\t<\/div>\n\t\t\t\t\t\t\t\t<\/div>\n\t\t\t\t<\/div>\n\t\t\t\t\t<\/div>\n\t\t<\/div>\n\t\t\t\t\t<\/div>\n\t\t<\/section>\n\t\t\t\t<\/div>","protected":false},"excerpt":{"rendered":"<p>Nuestros Servicios Ropa de Hogar Ofrecemos ropa de hogar en varios tama\u00f1o y tonalidades siempre adecu\u00e1ndose a las necesidades de nuestros clientes. Tejidos Trabajar con diferentes tejidos puede ser todo un reto, pero con los conocimientos y habilidades adecuadas, se pueden crear piezas \u00fanicas, hermosas y funcionales. Uniformes Escolares Realizamos telas para uniformes escolares de [&hellip;]<\/p>\n","protected":false},"author":1,"featured_media":0,"parent":0,"menu_order":0,"comment_status":"closed","ping_status":"closed","template":"elementor_canvas","meta":{"_eb_attr":"","footnotes":""},"class_list":["post-17","page","type-page","status-publish","hentry"],"yoast_head":"<!-- This site is optimized with the Yoast SEO plugin v27.5 - https:\/\/yoast.com\/product\/yoast-seo-wordpress\/ -->\n<title>Servicios - Tejidos Larrea<\/title>\n<meta name=\"robots\" content=\"index, follow, max-snippet:-1, max-image-preview:large, max-video-preview:-1\" \/>\n<link rel=\"canonical\" href=\"https:\/\/tejidoslarrea.com\/eu\/servicios\/\" \/>\n<meta property=\"og:locale\" content=\"en_US\" \/>\n<meta property=\"og:type\" content=\"article\" \/>\n<meta property=\"og:title\" content=\"Servicios - Tejidos Larrea\" \/>\n<meta property=\"og:description\" content=\"Nuestros Servicios Ropa de Hogar Ofrecemos ropa de hogar en varios tama\u00f1o y tonalidades siempre adecu\u00e1ndose a las necesidades de nuestros clientes. Tejidos Trabajar con diferentes tejidos puede ser todo un reto, pero con los conocimientos y habilidades adecuadas, se pueden crear piezas \u00fanicas, hermosas y funcionales. Uniformes Escolares Realizamos telas para uniformes escolares de [&hellip;]\" \/>\n<meta property=\"og:url\" content=\"https:\/\/tejidoslarrea.com\/eu\/servicios\/\" \/>\n<meta property=\"og:site_name\" content=\"Tejidos Larrea\" \/>\n<meta property=\"article:modified_time\" content=\"2023-07-13T11:50:25+00:00\" \/>\n<meta property=\"og:image\" content=\"https:\/\/tejidoslarrea.com\/wp-content\/uploads\/2023\/07\/d.png\" \/>\n<meta name=\"twitter:card\" content=\"summary_large_image\" \/>\n<meta name=\"twitter:label1\" content=\"Est. reading time\" \/>\n\t<meta name=\"twitter:data1\" content=\"2 minutua\" \/>\n<script type=\"application\/ld+json\" class=\"yoast-schema-graph\">{\"@context\":\"https:\\\/\\\/schema.org\",\"@graph\":[{\"@type\":\"WebPage\",\"@id\":\"https:\\\/\\\/tejidoslarrea.com\\\/servicios\\\/\",\"url\":\"https:\\\/\\\/tejidoslarrea.com\\\/servicios\\\/\",\"name\":\"Servicios - Tejidos Larrea\",\"isPartOf\":{\"@id\":\"https:\\\/\\\/tejidoslarrea.com\\\/#website\"},\"primaryImageOfPage\":{\"@id\":\"https:\\\/\\\/tejidoslarrea.com\\\/servicios\\\/#primaryimage\"},\"image\":{\"@id\":\"https:\\\/\\\/tejidoslarrea.com\\\/servicios\\\/#primaryimage\"},\"thumbnailUrl\":\"https:\\\/\\\/tejidoslarrea.com\\\/wp-content\\\/uploads\\\/2023\\\/07\\\/d.png\",\"datePublished\":\"2023-07-11T12:35:15+00:00\",\"dateModified\":\"2023-07-13T11:50:25+00:00\",\"breadcrumb\":{\"@id\":\"https:\\\/\\\/tejidoslarrea.com\\\/servicios\\\/#breadcrumb\"},\"inLanguage\":\"eu\",\"potentialAction\":[{\"@type\":\"ReadAction\",\"target\":[\"https:\\\/\\\/tejidoslarrea.com\\\/servicios\\\/\"]}]},{\"@type\":\"ImageObject\",\"inLanguage\":\"eu\",\"@id\":\"https:\\\/\\\/tejidoslarrea.com\\\/servicios\\\/#primaryimage\",\"url\":\"https:\\\/\\\/tejidoslarrea.com\\\/wp-content\\\/uploads\\\/2023\\\/07\\\/d.png\",\"contentUrl\":\"https:\\\/\\\/tejidoslarrea.com\\\/wp-content\\\/uploads\\\/2023\\\/07\\\/d.png\"},{\"@type\":\"BreadcrumbList\",\"@id\":\"https:\\\/\\\/tejidoslarrea.com\\\/servicios\\\/#breadcrumb\",\"itemListElement\":[{\"@type\":\"ListItem\",\"position\":1,\"name\":\"Portada\",\"item\":\"https:\\\/\\\/tejidoslarrea.com\\\/\"},{\"@type\":\"ListItem\",\"position\":2,\"name\":\"Servicios\"}]},{\"@type\":\"WebSite\",\"@id\":\"https:\\\/\\\/tejidoslarrea.com\\\/#website\",\"url\":\"https:\\\/\\\/tejidoslarrea.com\\\/\",\"name\":\"Tejidos Larrea\",\"description\":\"\",\"potentialAction\":[{\"@type\":\"SearchAction\",\"target\":{\"@type\":\"EntryPoint\",\"urlTemplate\":\"https:\\\/\\\/tejidoslarrea.com\\\/?s={search_term_string}\"},\"query-input\":{\"@type\":\"PropertyValueSpecification\",\"valueRequired\":true,\"valueName\":\"search_term_string\"}}],\"inLanguage\":\"eu\"}]}<\/script>\n<!-- \/ Yoast SEO plugin. -->","yoast_head_json":{"title":"Servicios - Tejidos Larrea","robots":{"index":"index","follow":"follow","max-snippet":"max-snippet:-1","max-image-preview":"max-image-preview:large","max-video-preview":"max-video-preview:-1"},"canonical":"https:\/\/tejidoslarrea.com\/eu\/servicios\/","og_locale":"en_US","og_type":"article","og_title":"Servicios - Tejidos Larrea","og_description":"Nuestros Servicios Ropa de Hogar Ofrecemos ropa de hogar en varios tama\u00f1o y tonalidades siempre adecu\u00e1ndose a las necesidades de nuestros clientes. Tejidos Trabajar con diferentes tejidos puede ser todo un reto, pero con los conocimientos y habilidades adecuadas, se pueden crear piezas \u00fanicas, hermosas y funcionales. Uniformes Escolares Realizamos telas para uniformes escolares de [&hellip;]","og_url":"https:\/\/tejidoslarrea.com\/eu\/servicios\/","og_site_name":"Tejidos Larrea","article_modified_time":"2023-07-13T11:50:25+00:00","og_image":[{"url":"https:\/\/tejidoslarrea.com\/wp-content\/uploads\/2023\/07\/d.png","type":"","width":"","height":""}],"twitter_card":"summary_large_image","twitter_misc":{"Est. reading time":"2 minutua"},"schema":{"@context":"https:\/\/schema.org","@graph":[{"@type":"WebPage","@id":"https:\/\/tejidoslarrea.com\/servicios\/","url":"https:\/\/tejidoslarrea.com\/servicios\/","name":"Servicios - Tejidos Larrea","isPartOf":{"@id":"https:\/\/tejidoslarrea.com\/#website"},"primaryImageOfPage":{"@id":"https:\/\/tejidoslarrea.com\/servicios\/#primaryimage"},"image":{"@id":"https:\/\/tejidoslarrea.com\/servicios\/#primaryimage"},"thumbnailUrl":"https:\/\/tejidoslarrea.com\/wp-content\/uploads\/2023\/07\/d.png","datePublished":"2023-07-11T12:35:15+00:00","dateModified":"2023-07-13T11:50:25+00:00","breadcrumb":{"@id":"https:\/\/tejidoslarrea.com\/servicios\/#breadcrumb"},"inLanguage":"eu","potentialAction":[{"@type":"ReadAction","target":["https:\/\/tejidoslarrea.com\/servicios\/"]}]},{"@type":"ImageObject","inLanguage":"eu","@id":"https:\/\/tejidoslarrea.com\/servicios\/#primaryimage","url":"https:\/\/tejidoslarrea.com\/wp-content\/uploads\/2023\/07\/d.png","contentUrl":"https:\/\/tejidoslarrea.com\/wp-content\/uploads\/2023\/07\/d.png"},{"@type":"BreadcrumbList","@id":"https:\/\/tejidoslarrea.com\/servicios\/#breadcrumb","itemListElement":[{"@type":"ListItem","position":1,"name":"Portada","item":"https:\/\/tejidoslarrea.com\/"},{"@type":"ListItem","position":2,"name":"Servicios"}]},{"@type":"WebSite","@id":"https:\/\/tejidoslarrea.com\/#website","url":"https:\/\/tejidoslarrea.com\/","name":"Tejidos Larrea","description":"","potentialAction":[{"@type":"SearchAction","target":{"@type":"EntryPoint","urlTemplate":"https:\/\/tejidoslarrea.com\/?s={search_term_string}"},"query-input":{"@type":"PropertyValueSpecification","valueRequired":true,"valueName":"search_term_string"}}],"inLanguage":"eu"}]}},"_links":{"self":[{"href":"https:\/\/tejidoslarrea.com\/eu\/wp-json\/wp\/v2\/pages\/17","targetHints":{"allow":["GET"]}}],"collection":[{"href":"https:\/\/tejidoslarrea.com\/eu\/wp-json\/wp\/v2\/pages"}],"about":[{"href":"https:\/\/tejidoslarrea.com\/eu\/wp-json\/wp\/v2\/types\/page"}],"author":[{"embeddable":true,"href":"https:\/\/tejidoslarrea.com\/eu\/wp-json\/wp\/v2\/users\/1"}],"replies":[{"embeddable":true,"href":"https:\/\/tejidoslarrea.com\/eu\/wp-json\/wp\/v2\/comments?post=17"}],"version-history":[{"count":55,"href":"https:\/\/tejidoslarrea.com\/eu\/wp-json\/wp\/v2\/pages\/17\/revisions"}],"predecessor-version":[{"id":808,"href":"https:\/\/tejidoslarrea.com\/eu\/wp-json\/wp\/v2\/pages\/17\/revisions\/808"}],"wp:attachment":[{"href":"https:\/\/tejidoslarrea.com\/eu\/wp-json\/wp\/v2\/media?parent=17"}],"curies":[{"name":"wp","href":"https:\/\/api.w.org\/{rel}","templated":true}]}}